{"id":12857,"date":"2026-04-25T23:55:47","date_gmt":"2026-04-26T02:55:47","guid":{"rendered":"https:\/\/parqueinnovacionba.com\/?page_id=12857"},"modified":"2026-04-26T00:06:15","modified_gmt":"2026-04-26T03:06:15","slug":"gobernanza-del-pi","status":"publish","type":"page","link":"https:\/\/parqueinnovacionba.com\/en\/gobernanza-del-pi\/","title":{"rendered":"Gobernanza del PI"},"content":{"rendered":"<h2 class=\"wp-block-heading\">\u00bfQui\u00e9n gobierna al Parque de Innovaci\u00f3n?<\/h2>\n\n\n\n<pre class=\"wp-block-preformatted\">Ley 6.227<br><br>\u00bfQuien gobierna al parque?<br><br>El EPI (Ente P\u00fablico No estatal Parque de Innovaci\u00f3n) (art. 3)<br><br>El EPI est\u00e1 conformado por (art. 4):<br>Asamblea (gobierno)<br>Direcci\u00f3n Ejecutiva (administraci\u00f3n)<br>S\u00edndico (control)<br><br>Asamblea:<br>Integrada por todas las organizaciones que se asocien al EPI (Art. 8)<br>Presidente designado y removido por el Jefe de Gobierno (Art. 8)<br>Composici\u00f3n (art. 9) de un total de 9 asamble\u00edstas:<br>Inc. A) 4 representantes del GCBA, de rango subsecretario o superior<br>Inc. B) 1 representante de  entidades, entes u organismos del sector p\u00fablico nacional o de provincias o municipios, vinculados a actividades de innovaci\u00f3n, tecnolog\u00eda, emprendedurismo y\/o educaci\u00f3n<br>Inc. C) 2 representantes de aquellas organizaciones privadas de innovaci\u00f3n, tecnolog\u00eda, emprendedurismo y\/o educaci\u00f3n que hubieran adquirido inmueble\/s en el Parque de la Innovaci\u00f3n y que decidan asociarse al EPI<br>Inc. D) 2 representantes de aquellas organizaciones privadas de innovaci\u00f3n, tecnolog\u00eda, emprendedurismo y\/o educaci\u00f3n que se encuentren radicadas en el citado Parque en condici\u00f3n de locatarias o de cualquier otra figura diferente a las del inciso c) y que decidan asociarse al EPI. <br>Es obligatorio estar asociado al EPI para poder participar de la Asamblea y para ejercer los derechos pol\u00edticos (Art. 10)<br>Asociados cuentan con voz en la Asamblea pero no con voto, salvo por aquellos que hayan sido designados como representantes (Art. 10)<br>Debe sesionar al menos 1 vez al a\u00f1o (Art. 11)<br>Debe contar con un qu\u00f3rum m\u00ednimo de 6 asamble\u00edstas (Art. 11)<br>Los representantes de sectores duran en su cargo 2 a\u00f1os (Art. 11), excepto por representantes del GCBA<br>Las decisiones se adoptar\u00e1n por mayor\u00eda agravada: 6 de 9 asamble\u00edstas. (Art. 12)<br>Facultades de la Asamblea (Art. 12):<br>Aprobar el presupuesto de funcionamiento del EPI<br>Aprobar reglamentos de funcionamiento<br>Aprobar la estructura org\u00e1nica del EPI a propuesta del Director<br>Fijar las retribuciones de la estructura<br>Designar y remover al Director Ejecutivo y al S\u00edndico<br>Resolver cualquier otro asunto<br>Aprobar balances (etc.)<br>habilitar endeudamiento<br><br>Rol del Presidente de la Asamblea (Art 14):<br>Presidir y convocar asambleas<br>Elaborar reglamento interno y ejecutivo en conjunto con el Director y remitir a la asamblea<br>Aprobar contratos vinculados a inmuebles del GCBA bajo control del EPI<br>Prestar conformidad a la estructura org\u00e1nica del EPI y elevarla a la Asamblea<br>Aprobar, a priori, gastos por m\u00e1s de 4.000.000 Unidades de Compra del Gobierno de la Ciudad Aut\u00f3noma de Buenos Aires (actualmente en $450, equivalente a $1.800.000.000)<br><br>Rol del director ejecutivo (Art. 17): \u201cEl Director Ejecutivo tendr\u00e1 amplias facultades para organizar, dirigir y administrar el EPI, sin otras limitaciones que las que resulten de esta Ley, de las normas que le fueren aplicables, de su reglamento interno y de las resoluciones de la Asamblea\u201d<br>Ejerce la representaci\u00f3n legal del ente<br>Realizar los tr\u00e1mites ante todas las jurisdicciones<br>Dura 3 a\u00f1os en su cargo (art. 16)<br>Celebrar en representaci\u00f3n del EPI acuerdos, convenios o contratos. <br>Administrar los fondos<br>Aprobar la dotaci\u00f3n de personal y designar a las personas<br>Informar a la Asamblea, cuando esta lo requiera, sobre la gesti\u00f3n de los negocios del EPI con especial \u00e9nfasis en las tareas de desarrollo y promoci\u00f3n del Parque de la Innovaci\u00f3n.<br>La enumeraci\u00f3n que antecede es enunciativa y no taxativa, y en consecuencia, el Director Ejecutivo tiene todas las facultades para celebrar los actos que hagan al objeto del EPI. <br><br>Transitorias:<br>Primera: En tanto alguno de los grupos asociados previstos en el art\u00edculo 9\u00b0 de la presente ley no haya designado representantes, la Asamblea sesionar\u00e1 con las personas designadas por los grupos ya conformados. A efectos de la primera conformaci\u00f3n, la reglamentaci\u00f3n prever\u00e1 la forma en que ser\u00e1n designados los representantes respecto de los grupos asociados hasta tanto sea sancionado el Reglamento Interno. <br><\/pre>\n\n\n\n<h2 class=\"wp-block-heading\">Normativa del Parque de Innovaci\u00f3n<\/h2>\n\n\n\n<ul class=\"wp-block-list\">\n<li><a href=\"https:\/\/boletinoficialpdf.buenosaires.gob.ar\/util\/imagen.php?idn=497108&amp;idf=2\" target=\"_blank\" rel=\"noreferrer noopener\">Ley de creaci\u00f3n del EPI &#8211; Ley N\u00b0 6.227<\/a><\/li>\n\n\n\n<li><a href=\"https:\/\/boletinoficial.buenosaires.gob.ar\/normativaba\/norma\/658864\" target=\"_blank\" rel=\"noreferrer noopener\">Decreto Reglamentario N\u00b0 135\/2023 gcba<\/a><\/li>\n\n\n\n<li><a href=\"https:\/\/documentosboletinoficial.buenosaires.gob.ar\/publico\/PE-DEC-AJG-AJG-135-23-ANX.pdf\" type=\"link\" id=\"https:\/\/documentosboletinoficial.buenosaires.gob.ar\/publico\/PE-DEC-AJG-AJG-135-23-ANX.pdf\" target=\"_blank\" rel=\"noreferrer noopener\">Anexo I &#8211; Decreto Reglamentario N\u00b0 135\/2023 GCBA<\/a><\/li>\n\n\n\n<li><a href=\"https:\/\/drive.google.com\/file\/d\/1WLunnhfwgB72fkNwuw3VcYoouoqgUaPT\/view?usp=sharing\" target=\"_blank\" rel=\"noreferrer noopener\">Acta Asamblea N\u00b0 1: Aprobaci\u00f3n del reglamento interno <\/a><\/li>\n\n\n\n<li><a href=\"https:\/\/parqueinnovacionba.com\/wp-content\/uploads\/2026\/04\/Reglamento-Interno-V.1.pdf\">Reglamento <\/a><a href=\"https:\/\/parqueinnovacionba.com\/wp-content\/uploads\/2026\/04\/Reglamento-Interno-EPI.pdf\" target=\"_blank\" rel=\"noreferrer noopener\">interno<\/a><\/li>\n\n\n\n<li><a href=\"https:\/\/drive.google.com\/file\/d\/1Cs-yEmvs-CMmcjosvsqqann6ULRjtDU_\/view?usp=sharing\" target=\"_blank\" rel=\"noreferrer noopener\">Acta Asamblea N\u00b02<\/a><\/li>\n\n\n\n<li><a href=\"https:\/\/drive.google.com\/file\/d\/1WB57VNxMMQhRAwdmBzrJf0rFGCoRy71X\/view?usp=sharing\" target=\"_blank\" rel=\"noreferrer noopener\">Acta Asamblea N\u00b03<\/a><\/li>\n\n\n\n<li><a href=\"https:\/\/drive.google.com\/drive\/folders\/1w_noTTJc9QTEswqPytOoqVoKWEzUEYVr\" target=\"_blank\" rel=\"noreferrer noopener\">Acta Asamblea N\u00b04<\/a><\/li>\n\n\n\n<li><a href=\"https:\/\/drive.google.com\/file\/d\/1ygQD94GTiSVfee4aIiRuPWxKS0C_fGvK\/view?usp=sharing\" target=\"_blank\" rel=\"noreferrer noopener\">Acta Asamblea N\u00b05<\/a><\/li>\n\n\n\n<li><a href=\"https:\/\/drive.google.com\/file\/d\/1SrS-5NAXZfhJsVYLeYly5kYmyEaifvlq\/view?usp=sharing\" target=\"_blank\" rel=\"noreferrer noopener\">Acta Asamblea N\u00b06<\/a><\/li>\n\n\n\n<li><a href=\"https:\/\/drive.google.com\/file\/d\/11mt1qfqhpvjFlSzMgYEDMXo8I3qp9jW3\/view?usp=sharing\" target=\"_blank\" rel=\"noreferrer noopener\">Acta Asamblea N\u00b07<\/a><\/li>\n\n\n\n<li><a href=\"https:\/\/docs.google.com\/document\/d\/1MDH05JTraoaU9iEqxedIDUkNoL9x4SCpoYDiLn7STl4\/edit?usp=sharing\" target=\"_blank\" rel=\"noreferrer noopener\">Acta Asamblea N\u00b08<\/a><\/li>\n\n\n\n<li><a href=\"https:\/\/drive.google.com\/file\/d\/1Tf8EtUAuso90hZ-_B4Ccy0NtLsQ28uZP\/view?usp=sharing\" target=\"_blank\" rel=\"noreferrer noopener\">Acta Asamblea N\u00b09<\/a><\/li>\n<\/ul>\n\n\n\n<div class=\"wp-block-group is-nowrap is-layout-flex wp-container-core-group-is-layout-6c531013 wp-block-group-is-layout-flex\">\n<p><\/p>\n<\/div>\n\n\n\n<p><\/p>","protected":false},"excerpt":{"rendered":"<p>\u00bfQui\u00e9n gobierna al Parque de Innovaci\u00f3n? Ley 6.227\u00bfQuien gobierna al parque?El EPI (Ente P\u00fablico No estatal Parque de Innovaci\u00f3n) (art. 3)El EPI est\u00e1 conformado por (art. 4):Asamblea (gobierno)Direcci\u00f3n Ejecutiva (administraci\u00f3n)S\u00edndico (control)Asamblea:Integrada por todas las organizaciones que se asocien al EPI (Art. 8)Presidente designado y removido por el Jefe de Gobierno (Art. 8)Composici\u00f3n (art. 9) de [&hellip;]<\/p>\n","protected":false},"author":10,"featured_media":0,"parent":0,"menu_order":0,"comment_status":"closed","ping_status":"closed","template":"","meta":{"_acf_changed":false,"inline_featured_image":false,"site-sidebar-layout":"default","site-content-layout":"","ast-site-content-layout":"default","site-content-style":"default","site-sidebar-style":"default","ast-global-header-display":"","ast-banner-title-visibility":"","ast-main-header-display":"","ast-hfb-above-header-display":"","ast-hfb-below-header-display":"","ast-hfb-mobile-header-display":"","site-post-title":"","ast-breadcrumbs-content":"","ast-featured-img":"","footer-sml-layout":"","ast-disable-related-posts":"","theme-transparent-header-meta":"","adv-header-id-meta":"","stick-header-meta":"","header-above-stick-meta":"","header-main-stick-meta":"","header-below-stick-meta":"","astra-migrate-meta-layouts":"set","ast-page-background-enabled":"default","ast-page-background-meta":{"desktop":{"background-color":"var(--ast-global-color-4)","background-image":"","background-repeat":"repeat","background-position":"center center","background-size":"auto","background-attachment":"scroll","background-type":"","background-media":"","overlay-type":"","overlay-color":"","overlay-opacity":"","overlay-gradient":""},"tablet":{"background-color":"","background-image":"","background-repeat":"repeat","background-position":"center center","background-size":"auto","background-attachment":"scroll","background-type":"","background-media":"","overlay-type":"","overlay-color":"","overlay-opacity":"","overlay-gradient":""},"mobile":{"background-color":"","background-image":"","background-repeat":"repeat","background-position":"center center","background-size":"auto","background-attachment":"scroll","background-type":"","background-media":"","overlay-type":"","overlay-color":"","overlay-opacity":"","overlay-gradient":""}},"ast-content-background-meta":{"desktop":{"background-color":"var(--ast-global-color-5)","background-image":"","background-repeat":"repeat","background-position":"center center","background-size":"auto","background-attachment":"scroll","background-type":"","background-media":"","overlay-type":"","overlay-color":"","overlay-opacity":"","overlay-gradient":""},"tablet":{"background-color":"var(--ast-global-color-5)","background-image":"","background-repeat":"repeat","background-position":"center center","background-size":"auto","background-attachment":"scroll","background-type":"","background-media":"","overlay-type":"","overlay-color":"","overlay-opacity":"","overlay-gradient":""},"mobile":{"background-color":"var(--ast-global-color-5)","background-image":"","background-repeat":"repeat","background-position":"center center","background-size":"auto","background-attachment":"scroll","background-type":"","background-media":"","overlay-type":"","overlay-color":"","overlay-opacity":"","overlay-gradient":""}},"footnotes":""},"class_list":["post-12857","page","type-page","status-publish","hentry"],"acf":[],"yoast_head":"<!-- This site is optimized with the Yoast SEO plugin v27.4 - https:\/\/yoast.com\/product\/yoast-seo-wordpress\/ -->\n<title>Gobernanza del PI - Parque de Innovacion<\/title>\n<meta name=\"robots\" content=\"index, follow, max-snippet:-1, max-image-preview:large, max-video-preview:-1\" \/>\n<link rel=\"canonical\" href=\"https:\/\/parqueinnovacionba.com\/en\/gobernanza-del-pi\/\" \/>\n<meta property=\"og:locale\" content=\"en_US\" \/>\n<meta property=\"og:type\" content=\"article\" \/>\n<meta property=\"og:title\" content=\"Gobernanza del PI - Parque de Innovacion\" \/>\n<meta property=\"og:description\" content=\"\u00bfQui\u00e9n gobierna al Parque de Innovaci\u00f3n? Ley 6.227\u00bfQuien gobierna al parque?El EPI (Ente P\u00fablico No estatal Parque de Innovaci\u00f3n) (art. 3)El EPI est\u00e1 conformado por (art. 4):Asamblea (gobierno)Direcci\u00f3n Ejecutiva (administraci\u00f3n)S\u00edndico (control)Asamblea:Integrada por todas las organizaciones que se asocien al EPI (Art. 8)Presidente designado y removido por el Jefe de Gobierno (Art. 8)Composici\u00f3n (art. 9) de [&hellip;]\" \/>\n<meta property=\"og:url\" content=\"https:\/\/parqueinnovacionba.com\/en\/gobernanza-del-pi\/\" \/>\n<meta property=\"og:site_name\" content=\"Parque de Innovacion\" \/>\n<meta property=\"article:modified_time\" content=\"2026-04-26T03:06:15+00:00\" \/>\n<meta name=\"twitter:card\" content=\"summary_large_image\" \/>\n<meta name=\"twitter:label1\" content=\"Est. reading time\" \/>\n\t<meta name=\"twitter:data1\" content=\"1 minute\" \/>\n<script type=\"application\/ld+json\" class=\"yoast-schema-graph\">{\"@context\":\"https:\\\/\\\/schema.org\",\"@graph\":[{\"@type\":\"WebPage\",\"@id\":\"https:\\\/\\\/parqueinnovacionba.com\\\/gobernanza-del-pi\\\/\",\"url\":\"https:\\\/\\\/parqueinnovacionba.com\\\/gobernanza-del-pi\\\/\",\"name\":\"Gobernanza del PI - Parque de Innovacion\",\"isPartOf\":{\"@id\":\"https:\\\/\\\/parqueinnovacionba.com\\\/#website\"},\"datePublished\":\"2026-04-26T02:55:47+00:00\",\"dateModified\":\"2026-04-26T03:06:15+00:00\",\"breadcrumb\":{\"@id\":\"https:\\\/\\\/parqueinnovacionba.com\\\/gobernanza-del-pi\\\/#breadcrumb\"},\"inLanguage\":\"en-US\",\"potentialAction\":[{\"@type\":\"ReadAction\",\"target\":[\"https:\\\/\\\/parqueinnovacionba.com\\\/gobernanza-del-pi\\\/\"]}]},{\"@type\":\"BreadcrumbList\",\"@id\":\"https:\\\/\\\/parqueinnovacionba.com\\\/gobernanza-del-pi\\\/#breadcrumb\",\"itemListElement\":[{\"@type\":\"ListItem\",\"position\":1,\"name\":\"Home\",\"item\":\"https:\\\/\\\/parqueinnovacionba.com\\\/\"},{\"@type\":\"ListItem\",\"position\":2,\"name\":\"Gobernanza del PI\"}]},{\"@type\":\"WebSite\",\"@id\":\"https:\\\/\\\/parqueinnovacionba.com\\\/#website\",\"url\":\"https:\\\/\\\/parqueinnovacionba.com\\\/\",\"name\":\"Parque de Innovacion\",\"description\":\"\",\"publisher\":{\"@id\":\"https:\\\/\\\/parqueinnovacionba.com\\\/#organization\"},\"potentialAction\":[{\"@type\":\"SearchAction\",\"target\":{\"@type\":\"EntryPoint\",\"urlTemplate\":\"https:\\\/\\\/parqueinnovacionba.com\\\/?s={search_term_string}\"},\"query-input\":{\"@type\":\"PropertyValueSpecification\",\"valueRequired\":true,\"valueName\":\"search_term_string\"}}],\"inLanguage\":\"en-US\"},{\"@type\":\"Organization\",\"@id\":\"https:\\\/\\\/parqueinnovacionba.com\\\/#organization\",\"name\":\"Parque de Innovacion\",\"url\":\"https:\\\/\\\/parqueinnovacionba.com\\\/\",\"logo\":{\"@type\":\"ImageObject\",\"inLanguage\":\"en-US\",\"@id\":\"https:\\\/\\\/parqueinnovacionba.com\\\/#\\\/schema\\\/logo\\\/image\\\/\",\"url\":\"https:\\\/\\\/parqueinnovacionba.com\\\/wp-content\\\/uploads\\\/2024\\\/08\\\/logo-pi.svg\",\"contentUrl\":\"https:\\\/\\\/parqueinnovacionba.com\\\/wp-content\\\/uploads\\\/2024\\\/08\\\/logo-pi.svg\",\"width\":141,\"height\":85,\"caption\":\"Parque de Innovacion\"},\"image\":{\"@id\":\"https:\\\/\\\/parqueinnovacionba.com\\\/#\\\/schema\\\/logo\\\/image\\\/\"}}]}<\/script>\n<!-- \/ Yoast SEO plugin. -->","yoast_head_json":{"title":"Gobernanza del PI - Parque de Innovacion","robots":{"index":"index","follow":"follow","max-snippet":"max-snippet:-1","max-image-preview":"max-image-preview:large","max-video-preview":"max-video-preview:-1"},"canonical":"https:\/\/parqueinnovacionba.com\/en\/gobernanza-del-pi\/","og_locale":"en_US","og_type":"article","og_title":"Gobernanza del PI - Parque de Innovacion","og_description":"\u00bfQui\u00e9n gobierna al Parque de Innovaci\u00f3n? Ley 6.227\u00bfQuien gobierna al parque?El EPI (Ente P\u00fablico No estatal Parque de Innovaci\u00f3n) (art. 3)El EPI est\u00e1 conformado por (art. 4):Asamblea (gobierno)Direcci\u00f3n Ejecutiva (administraci\u00f3n)S\u00edndico (control)Asamblea:Integrada por todas las organizaciones que se asocien al EPI (Art. 8)Presidente designado y removido por el Jefe de Gobierno (Art. 8)Composici\u00f3n (art. 9) de [&hellip;]","og_url":"https:\/\/parqueinnovacionba.com\/en\/gobernanza-del-pi\/","og_site_name":"Parque de Innovacion","article_modified_time":"2026-04-26T03:06:15+00:00","twitter_card":"summary_large_image","twitter_misc":{"Est. reading time":"1 minute"},"schema":{"@context":"https:\/\/schema.org","@graph":[{"@type":"WebPage","@id":"https:\/\/parqueinnovacionba.com\/gobernanza-del-pi\/","url":"https:\/\/parqueinnovacionba.com\/gobernanza-del-pi\/","name":"Gobernanza del PI - Parque de Innovacion","isPartOf":{"@id":"https:\/\/parqueinnovacionba.com\/#website"},"datePublished":"2026-04-26T02:55:47+00:00","dateModified":"2026-04-26T03:06:15+00:00","breadcrumb":{"@id":"https:\/\/parqueinnovacionba.com\/gobernanza-del-pi\/#breadcrumb"},"inLanguage":"en-US","potentialAction":[{"@type":"ReadAction","target":["https:\/\/parqueinnovacionba.com\/gobernanza-del-pi\/"]}]},{"@type":"BreadcrumbList","@id":"https:\/\/parqueinnovacionba.com\/gobernanza-del-pi\/#breadcrumb","itemListElement":[{"@type":"ListItem","position":1,"name":"Home","item":"https:\/\/parqueinnovacionba.com\/"},{"@type":"ListItem","position":2,"name":"Gobernanza del PI"}]},{"@type":"WebSite","@id":"https:\/\/parqueinnovacionba.com\/#website","url":"https:\/\/parqueinnovacionba.com\/","name":"Parque de Innovacion","description":"","publisher":{"@id":"https:\/\/parqueinnovacionba.com\/#organization"},"potentialAction":[{"@type":"SearchAction","target":{"@type":"EntryPoint","urlTemplate":"https:\/\/parqueinnovacionba.com\/?s={search_term_string}"},"query-input":{"@type":"PropertyValueSpecification","valueRequired":true,"valueName":"search_term_string"}}],"inLanguage":"en-US"},{"@type":"Organization","@id":"https:\/\/parqueinnovacionba.com\/#organization","name":"Parque de Innovacion","url":"https:\/\/parqueinnovacionba.com\/","logo":{"@type":"ImageObject","inLanguage":"en-US","@id":"https:\/\/parqueinnovacionba.com\/#\/schema\/logo\/image\/","url":"https:\/\/parqueinnovacionba.com\/wp-content\/uploads\/2024\/08\/logo-pi.svg","contentUrl":"https:\/\/parqueinnovacionba.com\/wp-content\/uploads\/2024\/08\/logo-pi.svg","width":141,"height":85,"caption":"Parque de Innovacion"},"image":{"@id":"https:\/\/parqueinnovacionba.com\/#\/schema\/logo\/image\/"}}]}},"_links":{"self":[{"href":"https:\/\/parqueinnovacionba.com\/en\/wp-json\/wp\/v2\/pages\/12857","targetHints":{"allow":["GET"]}}],"collection":[{"href":"https:\/\/parqueinnovacionba.com\/en\/wp-json\/wp\/v2\/pages"}],"about":[{"href":"https:\/\/parqueinnovacionba.com\/en\/wp-json\/wp\/v2\/types\/page"}],"author":[{"embeddable":true,"href":"https:\/\/parqueinnovacionba.com\/en\/wp-json\/wp\/v2\/users\/10"}],"replies":[{"embeddable":true,"href":"https:\/\/parqueinnovacionba.com\/en\/wp-json\/wp\/v2\/comments?post=12857"}],"version-history":[{"count":3,"href":"https:\/\/parqueinnovacionba.com\/en\/wp-json\/wp\/v2\/pages\/12857\/revisions"}],"predecessor-version":[{"id":12870,"href":"https:\/\/parqueinnovacionba.com\/en\/wp-json\/wp\/v2\/pages\/12857\/revisions\/12870"}],"wp:attachment":[{"href":"https:\/\/parqueinnovacionba.com\/en\/wp-json\/wp\/v2\/media?parent=12857"}],"curies":[{"name":"wp","href":"https:\/\/api.w.org\/{rel}","templated":true}]}}